{"id":3905,"date":"2025-02-24T16:19:17","date_gmt":"2025-02-24T15:19:17","guid":{"rendered":"https:\/\/www.profilgruppen.se\/caring-for-society\/"},"modified":"2025-06-10T09:30:34","modified_gmt":"2025-06-10T07:30:34","slug":"caring-for-society","status":"publish","type":"page","link":"https:\/\/www.profilgruppen.se\/en\/sustainability\/caring-for-society\/","title":{"rendered":"Caring for society"},"content":{"rendered":"\n<h2 class=\"wp-block-heading\">Partnerships make a difference<\/h2>\n\n<p>No one person can do everything, but together we can make a difference. We work with industry associations such as European Aluminium and Svenskt Aluminium. Both organizations are driving the development and knowledge of aluminium and have agendas for a more sustainable future. We are also members of Sustainable Sm\u00e5land, a local network focusing on innovative environmental solutions.<\/p>\n\n<h2 class=\"wp-block-heading\">Young people are our future<\/h2>\n\n<p>Both to enable our own and the industry&#8217;s future, and to provide more opportunities for young people, we are looking for areas of cooperation with schools and universities. We are in contact with a number of educational institutions and welcome study visits and degree projects.<\/p>\n\n<h2 class=\"wp-block-heading\">Our heart for \u00c5seda<\/h2>\n\n<p>We are one of Uppvidinge municipality&#8217;s largest employers and we are aware that our activities affect the locality in many ways. Having a mutually beneficial dialogue with the municipality and residents is therefore important for both parties. We actively participate in the Alster\u00e5n Water Council, which is a voluntary association of municipalities, companies and organizations working for the sustainable management of water resources around the Alster\u00e5n river.<\/p>\n\n<p>ProfilGruppen is dependent on \u00c5seda being an attractive place to live for our employees, which is why we sponsor H\u00e4lsans Hus, a swimming and training facility in \u00c5seda that gives residents the opportunity for recreation and training in the area. We are also committed to supporting local businesses by prioritizing local sourcing where appropriate.<\/p>\n\n<figure>\n<img loading=\"lazy\" decoding=\"async\" width=\"1000\" height=\"915\" class=\"gb-media-5fa84635\" src=\"https:\/\/www.profilgruppen.se\/wp-content\/uploads\/2025\/05\/omsorg-om-samhalle-1000x915.jpg\" alt=\"Omsorg om samh\u00e4lle\" title=\"omsorg-om-samhalle\" srcset=\"https:\/\/www.profilgruppen.se\/wp-content\/uploads\/2025\/05\/omsorg-om-samhalle-1000x915.jpg 1000w, https:\/\/www.profilgruppen.se\/wp-content\/uploads\/2025\/05\/omsorg-om-samhalle-300x275.jpg 300w, https:\/\/www.profilgruppen.se\/wp-content\/uploads\/2025\/05\/omsorg-om-samhalle.jpg 2000w\" sizes=\"auto, (max-width: 1000px) 100vw, 1000px\" \/>\n\n\n\n<figcaption class=\"gb-text\">Through our sponsorship policy, we have chosen to target our support to local sports clubs with a focus on children and youth activities. \u00c5seda&#8217;s ice rink bears ProfilGruppen&#8217;s name.<\/figcaption>\n<\/figure>\n\n<h2 class=\"wp-block-heading\">Wide views<\/h2>\n\n<p>We encourage our employees to get involved in charitable causes in other parts of the world too. Through staff suggestions, we have made special efforts to help children in war-torn Ukraine and typhoon victims in the Philippines, among others. We regularly support Vi-skogen by donating money for tree planting and better living conditions in Africa. The level of company support is based on employee engagement.<\/p>\n","protected":false},"excerpt":{"rendered":"<p>Partnerships make a difference No one person can do everything, but together we can make a difference. We work with industry associations such as European Aluminium and Svenskt Aluminium. Both organizations are driving the development and knowledge of aluminium and have agendas for a more sustainable future. We are also members of Sustainable Sm\u00e5land, a &#8230; <a title=\"Caring for society\" class=\"read-more\" href=\"https:\/\/www.profilgruppen.se\/en\/sustainability\/caring-for-society\/\" aria-label=\"Read more about Caring for society\">Read more<\/a><\/p>\n","protected":false},"author":1,"featured_media":2369,"parent":3942,"menu_order":10,"comment_status":"closed","ping_status":"closed","template":"","meta":{"_acf_changed":false,"footnotes":""},"layout":[144],"modul":[],"class_list":{"0":"post-3905","1":"page","2":"type-page","3":"status-publish","4":"has-post-thumbnail","6":"layout-standardmall-en"},"acf":[],"_links":{"self":[{"href":"https:\/\/www.profilgruppen.se\/en\/wp-json\/wp\/v2\/pages\/3905","targetHints":{"allow":["GET"]}}],"collection":[{"href":"https:\/\/www.profilgruppen.se\/en\/wp-json\/wp\/v2\/pages"}],"about":[{"href":"https:\/\/www.profilgruppen.se\/en\/wp-json\/wp\/v2\/types\/page"}],"author":[{"embeddable":true,"href":"https:\/\/www.profilgruppen.se\/en\/wp-json\/wp\/v2\/users\/1"}],"replies":[{"embeddable":true,"href":"https:\/\/www.profilgruppen.se\/en\/wp-json\/wp\/v2\/comments?post=3905"}],"version-history":[{"count":1,"href":"https:\/\/www.profilgruppen.se\/en\/wp-json\/wp\/v2\/pages\/3905\/revisions"}],"predecessor-version":[{"id":3906,"href":"https:\/\/www.profilgruppen.se\/en\/wp-json\/wp\/v2\/pages\/3905\/revisions\/3906"}],"up":[{"embeddable":true,"href":"https:\/\/www.profilgruppen.se\/en\/wp-json\/wp\/v2\/pages\/3942"}],"wp:featuredmedia":[{"embeddable":true,"href":"https:\/\/www.profilgruppen.se\/en\/wp-json\/wp\/v2\/media\/2369"}],"wp:attachment":[{"href":"https:\/\/www.profilgruppen.se\/en\/wp-json\/wp\/v2\/media?parent=3905"}],"wp:term":[{"taxonomy":"layout","embeddable":true,"href":"https:\/\/www.profilgruppen.se\/en\/wp-json\/wp\/v2\/layout?post=3905"},{"taxonomy":"modul","embeddable":true,"href":"https:\/\/www.profilgruppen.se\/en\/wp-json\/wp\/v2\/modul?post=3905"}],"curies":[{"name":"wp","href":"https:\/\/api.w.org\/{rel}","templated":true}]}}