{"id":3828,"date":"2025-05-16T13:18:10","date_gmt":"2025-05-16T11:18:10","guid":{"rendered":"https:\/\/www.profilgruppen.se\/customer-with-us\/"},"modified":"2025-07-03T15:18:11","modified_gmt":"2025-07-03T13:18:11","slug":"customer-with-us","status":"publish","type":"page","link":"https:\/\/www.profilgruppen.se\/en\/contact-us\/customer-with-us\/","title":{"rendered":"Customer of ours"},"content":{"rendered":"\n<p>The General Terms and Conditions of Sales can be found below.<\/p>\n\n<p>For deliveries to Sweden, \u201cProfilGruppens Allm\u00e4nna F\u00f6rs\u00e4ljningsvillkor\u201d shall have precedence over the English version.<\/p>\n\n<p>For deliveries to Germany, \u201cVerkaufsbedingungen\u201d, shall have precedence over the English version.<br\/>The English version of the General Terms and Conditions of Sales shall be valid for deliveries to all other countries.<\/p>\n\n<h2 class=\"wp-block-heading\">Our general conditions of sale<\/h2>\n<!--blockstudio\/frosting\/documents--><ul class=\"document-list\"><li><a href=\"https:\/\/www.profilgruppen.se\/wp-content\/uploads\/2025\/05\/Verkaufsbedingungen-2022-07-01.pdf\" target=\"_blank\">Verkaufsbedingungen<span class=\"document-list__icon\"><svg xmlns=\"http:\/\/www.w3.org\/2000\/svg\" width=\"32\" height=\"32\" viewBox=\"0 0 16 16\"><g fill=\"currentColor\"><path d=\"M14 14V4.5L9.5 0H4a2 2 0 0 0-2 2v12a2 2 0 0 0 2 2h8a2 2 0 0 0 2-2M9.5 3A1.5 1.5 0 0 0 11 4.5h2V14a1 1 0 0 1-1 1H4a1 1 0 0 1-1-1V2a1 1 0 0 1 1-1h5.5z\"\/><path d=\"M4.603 14.087a.8.8 0 0 1-.438-.42c-.195-.388-.13-.776.08-1.102c.198-.307.526-.568.897-.787a7.7 7.7 0 0 1 1.482-.645a20 20 0 0 0 1.062-2.227a7.3 7.3 0 0 1-.43-1.295c-.086-.4-.119-.796-.046-1.136c.075-.354.274-.672.65-.823c.192-.077.4-.12.602-.077a.7.7 0 0 1 .477.365c.088.164.12.356.127.538c.007.188-.012.396-.047.614c-.084.51-.27 1.134-.52 1.794a11 11 0 0 0 .98 1.686a5.8 5.8 0 0 1 1.334.05c.364.066.734.195.96.465c.12.144.193.32.2.518c.007.192-.047.382-.138.563a1.04 1.04 0 0 1-.354.416a.86.86 0 0 1-.51.138c-.331-.014-.654-.196-.933-.417a5.7 5.7 0 0 1-.911-.95a11.7 11.7 0 0 0-1.997.406a11.3 11.3 0 0 1-1.02 1.51c-.292.35-.609.656-.927.787a.8.8 0 0 1-.58.029m1.379-1.901q-.25.115-.459.238c-.328.194-.541.383-.647.547c-.094.145-.096.25-.04.361q.016.032.026.044l.035-.012c.137-.056.355-.235.635-.572a8 8 0 0 0 .45-.606m1.64-1.33a13 13 0 0 1 1.01-.193a12 12 0 0 1-.51-.858a21 21 0 0 1-.5 1.05zm2.446.45q.226.245.435.41c.24.19.407.253.498.256a.1.1 0 0 0 .07-.015a.3.3 0 0 0 .094-.125a.44.44 0 0 0 .059-.2a.1.1 0 0 0-.026-.063c-.052-.062-.2-.152-.518-.209a4 4 0 0 0-.612-.053zM8.078 7.8a7 7 0 0 0 .2-.828q.046-.282.038-.465a.6.6 0 0 0-.032-.198a.5.5 0 0 0-.145.04c-.087.035-.158.106-.196.283c-.04.192-.03.469.046.822q.036.167.09.346z\"\/><\/g><\/svg><\/span><\/a><\/li><li><a href=\"https:\/\/www.profilgruppen.se\/wp-content\/uploads\/2025\/05\/Terms-of-sale-2022-07-01.pdf\" target=\"_blank\">General terms and conditions of sales<span class=\"document-list__icon\"><svg xmlns=\"http:\/\/www.w3.org\/2000\/svg\" width=\"32\" height=\"32\" viewBox=\"0 0 16 16\"><g fill=\"currentColor\"><path d=\"M14 14V4.5L9.5 0H4a2 2 0 0 0-2 2v12a2 2 0 0 0 2 2h8a2 2 0 0 0 2-2M9.5 3A1.5 1.5 0 0 0 11 4.5h2V14a1 1 0 0 1-1 1H4a1 1 0 0 1-1-1V2a1 1 0 0 1 1-1h5.5z\"\/><path d=\"M4.603 14.087a.8.8 0 0 1-.438-.42c-.195-.388-.13-.776.08-1.102c.198-.307.526-.568.897-.787a7.7 7.7 0 0 1 1.482-.645a20 20 0 0 0 1.062-2.227a7.3 7.3 0 0 1-.43-1.295c-.086-.4-.119-.796-.046-1.136c.075-.354.274-.672.65-.823c.192-.077.4-.12.602-.077a.7.7 0 0 1 .477.365c.088.164.12.356.127.538c.007.188-.012.396-.047.614c-.084.51-.27 1.134-.52 1.794a11 11 0 0 0 .98 1.686a5.8 5.8 0 0 1 1.334.05c.364.066.734.195.96.465c.12.144.193.32.2.518c.007.192-.047.382-.138.563a1.04 1.04 0 0 1-.354.416a.86.86 0 0 1-.51.138c-.331-.014-.654-.196-.933-.417a5.7 5.7 0 0 1-.911-.95a11.7 11.7 0 0 0-1.997.406a11.3 11.3 0 0 1-1.02 1.51c-.292.35-.609.656-.927.787a.8.8 0 0 1-.58.029m1.379-1.901q-.25.115-.459.238c-.328.194-.541.383-.647.547c-.094.145-.096.25-.04.361q.016.032.026.044l.035-.012c.137-.056.355-.235.635-.572a8 8 0 0 0 .45-.606m1.64-1.33a13 13 0 0 1 1.01-.193a12 12 0 0 1-.51-.858a21 21 0 0 1-.5 1.05zm2.446.45q.226.245.435.41c.24.19.407.253.498.256a.1.1 0 0 0 .07-.015a.3.3 0 0 0 .094-.125a.44.44 0 0 0 .059-.2a.1.1 0 0 0-.026-.063c-.052-.062-.2-.152-.518-.209a4 4 0 0 0-.612-.053zM8.078 7.8a7 7 0 0 0 .2-.828q.046-.282.038-.465a.6.6 0 0 0-.032-.198a.5.5 0 0 0-.145.04c-.087.035-.158.106-.196.283c-.04.192-.03.469.046.822q.036.167.09.346z\"\/><\/g><\/svg><\/span><\/a><\/li><li><a href=\"https:\/\/www.profilgruppen.se\/wp-content\/uploads\/2025\/05\/Forsaljningsvillkor-2022-07-01.pdf\" target=\"_blank\">ProfilGruppens allm\u00e4nna f\u00f6rs\u00e4ljningsvillkor<span class=\"document-list__icon\"><svg xmlns=\"http:\/\/www.w3.org\/2000\/svg\" width=\"32\" height=\"32\" viewBox=\"0 0 16 16\"><g fill=\"currentColor\"><path d=\"M14 14V4.5L9.5 0H4a2 2 0 0 0-2 2v12a2 2 0 0 0 2 2h8a2 2 0 0 0 2-2M9.5 3A1.5 1.5 0 0 0 11 4.5h2V14a1 1 0 0 1-1 1H4a1 1 0 0 1-1-1V2a1 1 0 0 1 1-1h5.5z\"\/><path d=\"M4.603 14.087a.8.8 0 0 1-.438-.42c-.195-.388-.13-.776.08-1.102c.198-.307.526-.568.897-.787a7.7 7.7 0 0 1 1.482-.645a20 20 0 0 0 1.062-2.227a7.3 7.3 0 0 1-.43-1.295c-.086-.4-.119-.796-.046-1.136c.075-.354.274-.672.65-.823c.192-.077.4-.12.602-.077a.7.7 0 0 1 .477.365c.088.164.12.356.127.538c.007.188-.012.396-.047.614c-.084.51-.27 1.134-.52 1.794a11 11 0 0 0 .98 1.686a5.8 5.8 0 0 1 1.334.05c.364.066.734.195.96.465c.12.144.193.32.2.518c.007.192-.047.382-.138.563a1.04 1.04 0 0 1-.354.416a.86.86 0 0 1-.51.138c-.331-.014-.654-.196-.933-.417a5.7 5.7 0 0 1-.911-.95a11.7 11.7 0 0 0-1.997.406a11.3 11.3 0 0 1-1.02 1.51c-.292.35-.609.656-.927.787a.8.8 0 0 1-.58.029m1.379-1.901q-.25.115-.459.238c-.328.194-.541.383-.647.547c-.094.145-.096.25-.04.361q.016.032.026.044l.035-.012c.137-.056.355-.235.635-.572a8 8 0 0 0 .45-.606m1.64-1.33a13 13 0 0 1 1.01-.193a12 12 0 0 1-.51-.858a21 21 0 0 1-.5 1.05zm2.446.45q.226.245.435.41c.24.19.407.253.498.256a.1.1 0 0 0 .07-.015a.3.3 0 0 0 .094-.125a.44.44 0 0 0 .059-.2a.1.1 0 0 0-.026-.063c-.052-.062-.2-.152-.518-.209a4 4 0 0 0-.612-.053zM8.078 7.8a7 7 0 0 0 .2-.828q.046-.282.038-.465a.6.6 0 0 0-.032-.198a.5.5 0 0 0-.145.04c-.087.035-.158.106-.196.283c-.04.192-.03.469.046.822q.036.167.09.346z\"\/><\/g><\/svg><\/span><\/a><\/li><\/ul>","protected":false},"excerpt":{"rendered":"<p>The General Terms and Conditions of Sales can be found below. For deliveries to Sweden, \u201cProfilGruppens Allm\u00e4nna F\u00f6rs\u00e4ljningsvillkor\u201d shall have precedence over the English version. For deliveries to Germany, \u201cVerkaufsbedingungen\u201d, shall have precedence over the English version.The English version of the General Terms and Conditions of Sales shall be valid for deliveries to all other &#8230; <a title=\"Customer of ours\" class=\"read-more\" href=\"https:\/\/www.profilgruppen.se\/en\/contact-us\/customer-with-us\/\" aria-label=\"Read more about Customer of ours\">Read more<\/a><\/p>\n","protected":false},"author":1,"featured_media":0,"parent":3917,"menu_order":0,"comment_status":"closed","ping_status":"closed","template":"","meta":{"_acf_changed":false,"footnotes":""},"layout":[107],"modul":[16],"class_list":{"0":"post-3828","1":"page","2":"type-page","3":"status-publish","5":"layout-standardmall","6":"modul-cta"},"acf":[],"_links":{"self":[{"href":"https:\/\/www.profilgruppen.se\/en\/wp-json\/wp\/v2\/pages\/3828","targetHints":{"allow":["GET"]}}],"collection":[{"href":"https:\/\/www.profilgruppen.se\/en\/wp-json\/wp\/v2\/pages"}],"about":[{"href":"https:\/\/www.profilgruppen.se\/en\/wp-json\/wp\/v2\/types\/page"}],"author":[{"embeddable":true,"href":"https:\/\/www.profilgruppen.se\/en\/wp-json\/wp\/v2\/users\/1"}],"replies":[{"embeddable":true,"href":"https:\/\/www.profilgruppen.se\/en\/wp-json\/wp\/v2\/comments?post=3828"}],"version-history":[{"count":3,"href":"https:\/\/www.profilgruppen.se\/en\/wp-json\/wp\/v2\/pages\/3828\/revisions"}],"predecessor-version":[{"id":4187,"href":"https:\/\/www.profilgruppen.se\/en\/wp-json\/wp\/v2\/pages\/3828\/revisions\/4187"}],"up":[{"embeddable":true,"href":"https:\/\/www.profilgruppen.se\/en\/wp-json\/wp\/v2\/pages\/3917"}],"wp:attachment":[{"href":"https:\/\/www.profilgruppen.se\/en\/wp-json\/wp\/v2\/media?parent=3828"}],"wp:term":[{"taxonomy":"layout","embeddable":true,"href":"https:\/\/www.profilgruppen.se\/en\/wp-json\/wp\/v2\/layout?post=3828"},{"taxonomy":"modul","embeddable":true,"href":"https:\/\/www.profilgruppen.se\/en\/wp-json\/wp\/v2\/modul?post=3828"}],"curies":[{"name":"wp","href":"https:\/\/api.w.org\/{rel}","templated":true}]}}